{"id":17011,"date":"2022-06-22T08:04:34","date_gmt":"2022-06-22T06:04:34","guid":{"rendered":"https:\/\/www.textilhemmers.de\/?page_id=17011"},"modified":"2022-06-22T08:04:34","modified_gmt":"2022-06-22T06:04:34","slug":"mentions-legales","status":"publish","type":"page","link":"https:\/\/www.textilhemmers.de\/fr\/mentions-legales\/","title":{"rendered":"Mentions l\u00e9gales"},"content":{"rendered":"<section class=\"l-section wpb_row height_medium\"><div class=\"l-section-h i-cf\"><div class=\"g-cols vc_row via_flex valign_top type_default stacking_default\"><div class=\"vc_col-sm-6 wpb_column vc_column_container\"><div class=\"vc_column-inner\"><div class=\"wpb_wrapper\"><div class=\"wpb_text_column\"><div class=\"wpb_wrapper\"><p style=\"text-align: right;\"><strong>Hemmers Itex<\/strong><br \/>\nTextil Import Export GmbH<\/p>\n<p style=\"text-align: right;\">Twentestra\u00dfe 1 \u2022 D-48527 Nordhorn<br \/>\nPostfach 1660 \u2022 D-48505 Nordhorn<\/p>\n<p style=\"text-align: right;\">Telephone+49(0)5921\/8832-100<br \/>\nFax\u00a0\u00a0\u00a0\u00a0\u00a0 +49(0)5921\/8832-9100<\/p>\n<p style=\"text-align: right;\"><a href=\"mailto:info@textilhemmers.de\">info@textilhemmers.de<\/a><br \/>\n<a href=\"http:\/\/www.textilhemmers.de\/\">www.textilhemmers.de<\/a><\/p>\n<p style=\"text-align: right;\">RCS<br \/>\nHRB 131127<br \/>\nUST-IdNr. DE 205221997<\/p>\n<p style=\"text-align: right;\">G\u00e9rant<br \/>\nJ\u00f6rg Hemmers<\/p>\n<\/div><\/div><\/div><\/div><\/div><div class=\"vc_col-sm-6 wpb_column vc_column_container\"><div class=\"vc_column-inner\"><div class=\"wpb_wrapper\"><div class=\"wpb_text_column\"><div class=\"wpb_wrapper\"><p><strong>Coordinatrice de r\u00e9seaux sociaux:<\/strong><br \/>\nFranziska Hemmers<\/p>\n<p>E-Mail:\u00a0<a href=\"mailto:marketing@textilhemmers.de\">marketing@textilhemmers.de<\/a><\/p>\n<p><strong>D\u00e9l\u00e9gu\u00e9 \u00e0 la protection des donn\u00e9es:<\/strong><br \/>\nArndt Halbach<\/p>\n<p>E-Mail:\u00a0<a href=\"mailto:datenschutz@textilhemmers.de\">datenschutz@textilhemmers.de<\/a><\/p>\n<p><strong>H\u00e9bergeur:<\/strong><\/p>\n<p><a href=\"https:\/\/maxbenedikt.com\/\">maxbenedikt GmbH<\/a><\/p>\n<\/div><\/div><\/div><\/div><\/div><\/div><\/div><\/section>\n","protected":false},"excerpt":{"rendered":"Hemmers Itex Textil Import Export GmbH Twentestra\u00dfe 1 \u2022 D-48527 Nordhorn Postfach 1660 \u2022 D-48505 Nordhorn Telephone+49(0)5921\/8832-100 Fax\u00a0\u00a0\u00a0\u00a0\u00a0 +49(0)5921\/8832-9100 info@textilhemmers.de www.textilhemmers.de RCS HRB 131127 UST-IdNr. DE 205221997 G\u00e9rant J\u00f6rg Hemmers Coordinatrice de r\u00e9seaux sociaux: Franziska Hemmers E-Mail:\u00a0marketing@textilhemmers.de D\u00e9l\u00e9gu\u00e9 \u00e0 la protection des donn\u00e9es: Arndt Halbach E-Mail:\u00a0datenschutz@textilhemmers.de H\u00e9bergeur: maxbenedikt GmbH","protected":false},"author":2,"featured_media":0,"parent":0,"menu_order":0,"comment_status":"closed","ping_status":"closed","template":"","meta":{"_acf_changed":false,"footnotes":""},"class_list":["post-17011","page","type-page","status-publish","hentry"],"acf":[],"yoast_head":"<!-- This site is optimized with the Yoast SEO plugin v23.1 - https:\/\/yoast.com\/wordpress\/plugins\/seo\/ -->\n<title>Mentions l\u00e9gales - Hemmers Itex<\/title>\n<meta name=\"robots\" content=\"index, follow, max-snippet:-1, max-image-preview:large, max-video-preview:-1\" \/>\n<link rel=\"canonical\" href=\"https:\/\/www.textilhemmers.de\/fr\/mentions-legales\/\" \/>\n<meta property=\"og:locale\" content=\"fr_FR\" \/>\n<meta property=\"og:type\" content=\"article\" \/>\n<meta property=\"og:title\" content=\"Mentions l\u00e9gales - Hemmers Itex\" \/>\n<meta property=\"og:url\" content=\"https:\/\/www.textilhemmers.de\/fr\/mentions-legales\/\" \/>\n<meta property=\"og:site_name\" content=\"Hemmers Itex\" \/>\n<meta property=\"article:publisher\" content=\"https:\/\/www.facebook.com\/hemmersitex\" \/>\n<meta name=\"twitter:card\" content=\"summary_large_image\" \/>\n<meta name=\"twitter:label1\" content=\"Dur\u00e9e de lecture estim\u00e9e\" \/>\n\t<meta name=\"twitter:data1\" content=\"1 minute\" \/>\n<script type=\"application\/ld+json\" class=\"yoast-schema-graph\">{\"@context\":\"https:\/\/schema.org\",\"@graph\":[{\"@type\":\"WebPage\",\"@id\":\"https:\/\/www.textilhemmers.de\/fr\/mentions-legales\/\",\"url\":\"https:\/\/www.textilhemmers.de\/fr\/mentions-legales\/\",\"name\":\"Mentions l\u00e9gales - Hemmers Itex\",\"isPartOf\":{\"@id\":\"https:\/\/www.textilhemmers.de\/#website\"},\"datePublished\":\"2022-06-22T06:04:34+00:00\",\"dateModified\":\"2022-06-22T06:04:34+00:00\",\"breadcrumb\":{\"@id\":\"https:\/\/www.textilhemmers.de\/fr\/mentions-legales\/#breadcrumb\"},\"inLanguage\":\"fr-FR\",\"potentialAction\":[{\"@type\":\"ReadAction\",\"target\":[\"https:\/\/www.textilhemmers.de\/fr\/mentions-legales\/\"]}]},{\"@type\":\"BreadcrumbList\",\"@id\":\"https:\/\/www.textilhemmers.de\/fr\/mentions-legales\/#breadcrumb\",\"itemListElement\":[{\"@type\":\"ListItem\",\"position\":1,\"name\":\"Startseite\",\"item\":\"https:\/\/www.textilhemmers.de\/fr\/\"},{\"@type\":\"ListItem\",\"position\":2,\"name\":\"Mentions l\u00e9gales\"}]},{\"@type\":\"WebSite\",\"@id\":\"https:\/\/www.textilhemmers.de\/#website\",\"url\":\"https:\/\/www.textilhemmers.de\/\",\"name\":\"Hemmers Itex\",\"description\":\"Gro\u00dfhandelsunternehmen f\u00fcr Textilien\",\"publisher\":{\"@id\":\"https:\/\/www.textilhemmers.de\/#organization\"},\"potentialAction\":[{\"@type\":\"SearchAction\",\"target\":{\"@type\":\"EntryPoint\",\"urlTemplate\":\"https:\/\/www.textilhemmers.de\/?s={search_term_string}\"},\"query-input\":\"required name=search_term_string\"}],\"inLanguage\":\"fr-FR\"},{\"@type\":\"Organization\",\"@id\":\"https:\/\/www.textilhemmers.de\/#organization\",\"name\":\"Hemmers Itex\",\"url\":\"https:\/\/www.textilhemmers.de\/\",\"logo\":{\"@type\":\"ImageObject\",\"inLanguage\":\"fr-FR\",\"@id\":\"https:\/\/www.textilhemmers.de\/#\/schema\/logo\/image\/\",\"url\":\"https:\/\/www.textilhemmers.de\/wp-content\/uploads\/2017\/07\/logo_hemmers.png\",\"contentUrl\":\"https:\/\/www.textilhemmers.de\/wp-content\/uploads\/2017\/07\/logo_hemmers.png\",\"width\":1502,\"height\":300,\"caption\":\"Hemmers Itex\"},\"image\":{\"@id\":\"https:\/\/www.textilhemmers.de\/#\/schema\/logo\/image\/\"},\"sameAs\":[\"https:\/\/www.facebook.com\/hemmersitex\",\"https:\/\/www.instagram.com\/hemmersitex\/\",\"https:\/\/www.youtube.com\/channel\/UCw_7OAUy08ZYHhCRL7s3SjQ\"]}]}<\/script>\n<!-- \/ Yoast SEO plugin. -->","yoast_head_json":{"title":"Mentions l\u00e9gales - Hemmers Itex","robots":{"index":"index","follow":"follow","max-snippet":"max-snippet:-1","max-image-preview":"max-image-preview:large","max-video-preview":"max-video-preview:-1"},"canonical":"https:\/\/www.textilhemmers.de\/fr\/mentions-legales\/","og_locale":"fr_FR","og_type":"article","og_title":"Mentions l\u00e9gales - Hemmers Itex","og_url":"https:\/\/www.textilhemmers.de\/fr\/mentions-legales\/","og_site_name":"Hemmers Itex","article_publisher":"https:\/\/www.facebook.com\/hemmersitex","twitter_card":"summary_large_image","twitter_misc":{"Dur\u00e9e de lecture estim\u00e9e":"1 minute"},"schema":{"@context":"https:\/\/schema.org","@graph":[{"@type":"WebPage","@id":"https:\/\/www.textilhemmers.de\/fr\/mentions-legales\/","url":"https:\/\/www.textilhemmers.de\/fr\/mentions-legales\/","name":"Mentions l\u00e9gales - Hemmers Itex","isPartOf":{"@id":"https:\/\/www.textilhemmers.de\/#website"},"datePublished":"2022-06-22T06:04:34+00:00","dateModified":"2022-06-22T06:04:34+00:00","breadcrumb":{"@id":"https:\/\/www.textilhemmers.de\/fr\/mentions-legales\/#breadcrumb"},"inLanguage":"fr-FR","potentialAction":[{"@type":"ReadAction","target":["https:\/\/www.textilhemmers.de\/fr\/mentions-legales\/"]}]},{"@type":"BreadcrumbList","@id":"https:\/\/www.textilhemmers.de\/fr\/mentions-legales\/#breadcrumb","itemListElement":[{"@type":"ListItem","position":1,"name":"Startseite","item":"https:\/\/www.textilhemmers.de\/fr\/"},{"@type":"ListItem","position":2,"name":"Mentions l\u00e9gales"}]},{"@type":"WebSite","@id":"https:\/\/www.textilhemmers.de\/#website","url":"https:\/\/www.textilhemmers.de\/","name":"Hemmers Itex","description":"Gro\u00dfhandelsunternehmen f\u00fcr Textilien","publisher":{"@id":"https:\/\/www.textilhemmers.de\/#organization"},"potentialAction":[{"@type":"SearchAction","target":{"@type":"EntryPoint","urlTemplate":"https:\/\/www.textilhemmers.de\/?s={search_term_string}"},"query-input":"required name=search_term_string"}],"inLanguage":"fr-FR"},{"@type":"Organization","@id":"https:\/\/www.textilhemmers.de\/#organization","name":"Hemmers Itex","url":"https:\/\/www.textilhemmers.de\/","logo":{"@type":"ImageObject","inLanguage":"fr-FR","@id":"https:\/\/www.textilhemmers.de\/#\/schema\/logo\/image\/","url":"https:\/\/www.textilhemmers.de\/wp-content\/uploads\/2017\/07\/logo_hemmers.png","contentUrl":"https:\/\/www.textilhemmers.de\/wp-content\/uploads\/2017\/07\/logo_hemmers.png","width":1502,"height":300,"caption":"Hemmers Itex"},"image":{"@id":"https:\/\/www.textilhemmers.de\/#\/schema\/logo\/image\/"},"sameAs":["https:\/\/www.facebook.com\/hemmersitex","https:\/\/www.instagram.com\/hemmersitex\/","https:\/\/www.youtube.com\/channel\/UCw_7OAUy08ZYHhCRL7s3SjQ"]}]}},"jetpack_sharing_enabled":true,"_links":{"self":[{"href":"https:\/\/www.textilhemmers.de\/fr\/wp-json\/wp\/v2\/pages\/17011","targetHints":{"allow":["GET"]}}],"collection":[{"href":"https:\/\/www.textilhemmers.de\/fr\/wp-json\/wp\/v2\/pages"}],"about":[{"href":"https:\/\/www.textilhemmers.de\/fr\/wp-json\/wp\/v2\/types\/page"}],"author":[{"embeddable":true,"href":"https:\/\/www.textilhemmers.de\/fr\/wp-json\/wp\/v2\/users\/2"}],"replies":[{"embeddable":true,"href":"https:\/\/www.textilhemmers.de\/fr\/wp-json\/wp\/v2\/comments?post=17011"}],"version-history":[{"count":1,"href":"https:\/\/www.textilhemmers.de\/fr\/wp-json\/wp\/v2\/pages\/17011\/revisions"}],"predecessor-version":[{"id":17012,"href":"https:\/\/www.textilhemmers.de\/fr\/wp-json\/wp\/v2\/pages\/17011\/revisions\/17012"}],"wp:attachment":[{"href":"https:\/\/www.textilhemmers.de\/fr\/wp-json\/wp\/v2\/media?parent=17011"}],"curies":[{"name":"wp","href":"https:\/\/api.w.org\/{rel}","templated":true}]}}