{"id":14275,"date":"2021-09-28T15:50:08","date_gmt":"2021-09-28T13:50:08","guid":{"rendered":"https:\/\/www.textilhemmers.de\/?page_id=14275"},"modified":"2024-08-29T17:10:52","modified_gmt":"2024-08-29T15:10:52","slug":"collection-mode","status":"publish","type":"page","link":"https:\/\/www.textilhemmers.de\/fr\/collection-mode\/","title":{"rendered":"Collection mode"},"content":{"rendered":"<section class=\"l-section wpb_row height_medium\"><div class=\"l-section-h i-cf\"><div class=\"g-cols vc_row via_flex valign_top type_default stacking_default\"><div class=\"vc_col-sm-12 wpb_column vc_column_container has_bg_color\"><div class=\"vc_column-inner us_custom_e4eb24e1\"><div class=\"wpb_wrapper\">[vc_custom_heading text=\u00a0\u00bbNouveaux tissus Hemmers Itex\u00a0\u00bb font_container=\u00a0\u00bbtag:h1|text_align:left\u00a0\u00bb use_theme_fonts=\u00a0\u00bbyes\u00a0\u00bb css=\u00a0\u00bb%7B%22default%22%3A%7B%22text-align%22%3A%22center%22%7D%7D\u00a0\u00bb]<div class=\"wpb_text_column\"><div class=\"wpb_wrapper\"><p>D\u00e9couvrez tranquillement les nouveaux tissus de Hemmers Itex. Dans les diff\u00e9rentes vid\u00e9os concernant les nouveaux tissus, nous essayons de vous faire d\u00e9couvrir ceux-ci au plus pr\u00e8s. Si vous vous connectez simultan\u00e9ment \u00e0 la boutique en ligne, vous pouvez d\u00e9j\u00e0 ajouter vos favoris directement dans le panier. Si vous avez des questions \u00e0 propos d&rsquo;un tissu, envoyez-nous simplement un message.<\/p>\n<\/div><\/div><div class=\"w-btn-wrapper align_justify\"><a class=\"w-btn us-btn-style_1\" target=\"_blank\" rel=\"nofollow\" title=\"Collection de mode Printemps \/ \u00c9t\u00e9\" href=\"https:\/\/www.textilhemmers.de\/fr\/la-collection-mode-pour-lete-25\/\"><span class=\"w-btn-label\">Collection Printemps \/ \u00c9t\u00e9 Nouveat\u00e9s 2025<\/span><\/a><\/div><div class=\"w-btn-wrapper align_justify\"><a class=\"w-btn us-btn-style_1\" target=\"_blank\" rel=\"nofollow\" href=\"https:\/\/www.textilhemmers.de\/fr\/?page_id=28114&amp;preview=true\"><span class=\"w-btn-label\">Collection Automne \/ Hiver Nouveat\u00e9s 24\/25<\/span><\/a><\/div><\/div><\/div><\/div><\/div><\/div><\/section><section class=\"l-section wpb_row height_medium\"><div class=\"l-section-h i-cf\"><div class=\"g-cols vc_row via_flex valign_top type_default stacking_default\"><div class=\"vc_col-sm-12 wpb_column vc_column_container\"><div class=\"vc_column-inner\"><div class=\"wpb_wrapper\"><div class=\"w-actionbox color_primary controls_right\"><div class=\"w-actionbox-text\"><h2 class=\"w-actionbox-title\">Ne manquez aucune nouveaut\u00e9<\/h2><div class=\"w-actionbox-description\"><p>Vous souhaitez rester \u00e0 jour et \u00eatre inform\u00e9 \u00e0 temps des promotions distributeurs ? Alors inscrivez-vous \u00e0 la newsletter ou d\u00e9couvrez le service distributeurs exclusif de Hemmers Itex.<\/p>\n<\/div><\/div><div class=\"w-actionbox-controls\"><a class=\"w-btn us-btn-style_4\" target=\"_blank\" rel=\"nofollow\" href=\"https:\/\/seu2.cleverreach.com\/f\/154356-277289\/\"><span class=\"w-btn-label\">S&rsquo;inscrire \u00e0 la newsletter<\/span><\/a><a class=\"w-btn us-btn-style_4\" title=\"Service pour les clients de Hemmers Itex\" target=\"_blank\" rel=\"nofollow\" href=\"https:\/\/www.textilhemmers.de\/fr\/services\/\"><span class=\"w-btn-label\">Service exclusif aux concessionnaires<\/span><\/a><\/div><\/div><\/div><\/div><\/div><\/div><\/div><\/section>\n","protected":false},"excerpt":{"rendered":"[vc_custom_heading text=\"Nouveaux tissus Hemmers Itex\" font_container=\"tag:h1|text_align:left\" use_theme_fonts=\"yes\" css=\"%7B%22default%22%3A%7B%22text-align%22%3A%22center%22%7D%7D\"]D\u00e9couvrez tranquillement les nouveaux tissus de Hemmers Itex. Dans les diff\u00e9rentes vid\u00e9os concernant les nouveaux tissus, nous essayons de vous faire d\u00e9couvrir ceux-ci au plus pr\u00e8s. Si vous vous connectez simultan\u00e9ment \u00e0 la boutique en ligne, vous pouvez d\u00e9j\u00e0 ajouter vos favoris directement dans le panier. Si vous...","protected":false},"author":2,"featured_media":0,"parent":0,"menu_order":0,"comment_status":"closed","ping_status":"closed","template":"","meta":{"_acf_changed":false,"footnotes":""},"class_list":["post-14275","page","type-page","status-publish","hentry"],"acf":[],"yoast_head":"<!-- This site is optimized with the Yoast SEO plugin v23.1 - https:\/\/yoast.com\/wordpress\/plugins\/seo\/ -->\n<title>Collection mode - Hemmers Itex<\/title>\n<meta name=\"robots\" content=\"index, follow, max-snippet:-1, max-image-preview:large, max-video-preview:-1\" \/>\n<link rel=\"canonical\" href=\"https:\/\/www.textilhemmers.de\/fr\/collection-mode\/\" \/>\n<meta property=\"og:locale\" content=\"fr_FR\" \/>\n<meta property=\"og:type\" content=\"article\" \/>\n<meta property=\"og:title\" content=\"Collection mode - Hemmers Itex\" \/>\n<meta property=\"og:url\" content=\"https:\/\/www.textilhemmers.de\/fr\/collection-mode\/\" \/>\n<meta property=\"og:site_name\" content=\"Hemmers Itex\" \/>\n<meta property=\"article:publisher\" content=\"https:\/\/www.facebook.com\/hemmersitex\" \/>\n<meta property=\"article:modified_time\" content=\"2024-08-29T15:10:52+00:00\" \/>\n<meta name=\"twitter:card\" content=\"summary_large_image\" \/>\n<meta name=\"twitter:label1\" content=\"Dur\u00e9e de lecture estim\u00e9e\" \/>\n\t<meta name=\"twitter:data1\" content=\"1 minute\" \/>\n<script type=\"application\/ld+json\" class=\"yoast-schema-graph\">{\"@context\":\"https:\/\/schema.org\",\"@graph\":[{\"@type\":\"WebPage\",\"@id\":\"https:\/\/www.textilhemmers.de\/fr\/collection-mode\/\",\"url\":\"https:\/\/www.textilhemmers.de\/fr\/collection-mode\/\",\"name\":\"Collection mode - Hemmers Itex\",\"isPartOf\":{\"@id\":\"https:\/\/www.textilhemmers.de\/#website\"},\"datePublished\":\"2021-09-28T13:50:08+00:00\",\"dateModified\":\"2024-08-29T15:10:52+00:00\",\"breadcrumb\":{\"@id\":\"https:\/\/www.textilhemmers.de\/fr\/collection-mode\/#breadcrumb\"},\"inLanguage\":\"fr-FR\",\"potentialAction\":[{\"@type\":\"ReadAction\",\"target\":[\"https:\/\/www.textilhemmers.de\/fr\/collection-mode\/\"]}]},{\"@type\":\"BreadcrumbList\",\"@id\":\"https:\/\/www.textilhemmers.de\/fr\/collection-mode\/#breadcrumb\",\"itemListElement\":[{\"@type\":\"ListItem\",\"position\":1,\"name\":\"Startseite\",\"item\":\"https:\/\/www.textilhemmers.de\/fr\/\"},{\"@type\":\"ListItem\",\"position\":2,\"name\":\"Collection mode\"}]},{\"@type\":\"WebSite\",\"@id\":\"https:\/\/www.textilhemmers.de\/#website\",\"url\":\"https:\/\/www.textilhemmers.de\/\",\"name\":\"Hemmers Itex\",\"description\":\"Gro\u00dfhandelsunternehmen f\u00fcr Textilien\",\"publisher\":{\"@id\":\"https:\/\/www.textilhemmers.de\/#organization\"},\"potentialAction\":[{\"@type\":\"SearchAction\",\"target\":{\"@type\":\"EntryPoint\",\"urlTemplate\":\"https:\/\/www.textilhemmers.de\/?s={search_term_string}\"},\"query-input\":\"required name=search_term_string\"}],\"inLanguage\":\"fr-FR\"},{\"@type\":\"Organization\",\"@id\":\"https:\/\/www.textilhemmers.de\/#organization\",\"name\":\"Hemmers Itex\",\"url\":\"https:\/\/www.textilhemmers.de\/\",\"logo\":{\"@type\":\"ImageObject\",\"inLanguage\":\"fr-FR\",\"@id\":\"https:\/\/www.textilhemmers.de\/#\/schema\/logo\/image\/\",\"url\":\"https:\/\/www.textilhemmers.de\/wp-content\/uploads\/2017\/07\/logo_hemmers.png\",\"contentUrl\":\"https:\/\/www.textilhemmers.de\/wp-content\/uploads\/2017\/07\/logo_hemmers.png\",\"width\":1502,\"height\":300,\"caption\":\"Hemmers Itex\"},\"image\":{\"@id\":\"https:\/\/www.textilhemmers.de\/#\/schema\/logo\/image\/\"},\"sameAs\":[\"https:\/\/www.facebook.com\/hemmersitex\",\"https:\/\/www.instagram.com\/hemmersitex\/\",\"https:\/\/www.youtube.com\/channel\/UCw_7OAUy08ZYHhCRL7s3SjQ\"]}]}<\/script>\n<!-- \/ Yoast SEO plugin. -->","yoast_head_json":{"title":"Collection mode - Hemmers Itex","robots":{"index":"index","follow":"follow","max-snippet":"max-snippet:-1","max-image-preview":"max-image-preview:large","max-video-preview":"max-video-preview:-1"},"canonical":"https:\/\/www.textilhemmers.de\/fr\/collection-mode\/","og_locale":"fr_FR","og_type":"article","og_title":"Collection mode - Hemmers Itex","og_url":"https:\/\/www.textilhemmers.de\/fr\/collection-mode\/","og_site_name":"Hemmers Itex","article_publisher":"https:\/\/www.facebook.com\/hemmersitex","article_modified_time":"2024-08-29T15:10:52+00:00","twitter_card":"summary_large_image","twitter_misc":{"Dur\u00e9e de lecture estim\u00e9e":"1 minute"},"schema":{"@context":"https:\/\/schema.org","@graph":[{"@type":"WebPage","@id":"https:\/\/www.textilhemmers.de\/fr\/collection-mode\/","url":"https:\/\/www.textilhemmers.de\/fr\/collection-mode\/","name":"Collection mode - Hemmers Itex","isPartOf":{"@id":"https:\/\/www.textilhemmers.de\/#website"},"datePublished":"2021-09-28T13:50:08+00:00","dateModified":"2024-08-29T15:10:52+00:00","breadcrumb":{"@id":"https:\/\/www.textilhemmers.de\/fr\/collection-mode\/#breadcrumb"},"inLanguage":"fr-FR","potentialAction":[{"@type":"ReadAction","target":["https:\/\/www.textilhemmers.de\/fr\/collection-mode\/"]}]},{"@type":"BreadcrumbList","@id":"https:\/\/www.textilhemmers.de\/fr\/collection-mode\/#breadcrumb","itemListElement":[{"@type":"ListItem","position":1,"name":"Startseite","item":"https:\/\/www.textilhemmers.de\/fr\/"},{"@type":"ListItem","position":2,"name":"Collection mode"}]},{"@type":"WebSite","@id":"https:\/\/www.textilhemmers.de\/#website","url":"https:\/\/www.textilhemmers.de\/","name":"Hemmers Itex","description":"Gro\u00dfhandelsunternehmen f\u00fcr Textilien","publisher":{"@id":"https:\/\/www.textilhemmers.de\/#organization"},"potentialAction":[{"@type":"SearchAction","target":{"@type":"EntryPoint","urlTemplate":"https:\/\/www.textilhemmers.de\/?s={search_term_string}"},"query-input":"required name=search_term_string"}],"inLanguage":"fr-FR"},{"@type":"Organization","@id":"https:\/\/www.textilhemmers.de\/#organization","name":"Hemmers Itex","url":"https:\/\/www.textilhemmers.de\/","logo":{"@type":"ImageObject","inLanguage":"fr-FR","@id":"https:\/\/www.textilhemmers.de\/#\/schema\/logo\/image\/","url":"https:\/\/www.textilhemmers.de\/wp-content\/uploads\/2017\/07\/logo_hemmers.png","contentUrl":"https:\/\/www.textilhemmers.de\/wp-content\/uploads\/2017\/07\/logo_hemmers.png","width":1502,"height":300,"caption":"Hemmers Itex"},"image":{"@id":"https:\/\/www.textilhemmers.de\/#\/schema\/logo\/image\/"},"sameAs":["https:\/\/www.facebook.com\/hemmersitex","https:\/\/www.instagram.com\/hemmersitex\/","https:\/\/www.youtube.com\/channel\/UCw_7OAUy08ZYHhCRL7s3SjQ"]}]}},"jetpack_sharing_enabled":true,"_links":{"self":[{"href":"https:\/\/www.textilhemmers.de\/fr\/wp-json\/wp\/v2\/pages\/14275","targetHints":{"allow":["GET"]}}],"collection":[{"href":"https:\/\/www.textilhemmers.de\/fr\/wp-json\/wp\/v2\/pages"}],"about":[{"href":"https:\/\/www.textilhemmers.de\/fr\/wp-json\/wp\/v2\/types\/page"}],"author":[{"embeddable":true,"href":"https:\/\/www.textilhemmers.de\/fr\/wp-json\/wp\/v2\/users\/2"}],"replies":[{"embeddable":true,"href":"https:\/\/www.textilhemmers.de\/fr\/wp-json\/wp\/v2\/comments?post=14275"}],"version-history":[{"count":8,"href":"https:\/\/www.textilhemmers.de\/fr\/wp-json\/wp\/v2\/pages\/14275\/revisions"}],"predecessor-version":[{"id":29384,"href":"https:\/\/www.textilhemmers.de\/fr\/wp-json\/wp\/v2\/pages\/14275\/revisions\/29384"}],"wp:attachment":[{"href":"https:\/\/www.textilhemmers.de\/fr\/wp-json\/wp\/v2\/media?parent=14275"}],"curies":[{"name":"wp","href":"https:\/\/api.w.org\/{rel}","templated":true}]}}