{"id":10818,"date":"2020-12-15T14:08:10","date_gmt":"2020-12-15T14:08:10","guid":{"rendered":"https:\/\/www.textilhemmers.de\/?page_id=10818"},"modified":"2022-01-31T16:11:23","modified_gmt":"2022-01-31T15:11:23","slug":"modeles-confectionnes","status":"publish","type":"page","link":"https:\/\/www.textilhemmers.de\/fr\/modeles-confectionnes\/","title":{"rendered":"Mod\u00e8les confectionn\u00e9s"},"content":{"rendered":"<section class=\"l-section wpb_row height_medium\"><div class=\"l-section-h i-cf\"><div class=\"g-cols vc_row via_flex valign_top type_default stacking_default\"><div class=\"vc_col-sm-8 wpb_column vc_column_container\"><div class=\"vc_column-inner\"><div class=\"wpb_wrapper\"><div class=\"w-actionbox color_secondary controls_right\"><div class=\"w-actionbox-text\"><h2 class=\"w-actionbox-title\">Commandez d\u00e8s maintenant votre mod\u00e8le individuel \u00e0 exposer<\/h2><div class=\"w-actionbox-description\"><p>Inspirez vos clients avec des mod\u00e8les confectionn\u00e9s dans des tissus command\u00e9s aupr\u00e8s d&rsquo;Hemmers Itex.<\/p>\n<\/div><\/div><div class=\"w-actionbox-controls\"><a class=\"w-btn us-btn-style_4\" target=\"_blank\" rel=\"nofollow\" href=\"https:\/\/www.textilhemmers.de\/wp-content\/uploads\/2022\/01\/Modelle-zur-Verkaufsunterstuetzung_FR_onlineNEU.pdf\"><span class=\"w-btn-label\">Ouvrir le formulaire de commande<\/span><\/a><\/div><\/div><div class=\"w-separator size_medium\"><\/div><div class=\"wpb_text_column\"><div class=\"wpb_wrapper\"><h2>Vendre des tissus d&rsquo;Hemmers Itex<\/h2>\n<h3>Montrez \u00e0 vos clients des mod\u00e8les confectionn\u00e9s dans des tissus d&rsquo;Hemmers Itex<\/h3>\n<p>Nos clients confirment qu\u2019ils vendent encore mieux les tissus lorsqu&rsquo;ils pr\u00e9sentent un mod\u00e8le fini dans leur espace de vente. Inspir\u00e9s par ce mod\u00e8le, les couturi\u00e8res et couturiers amateurs ont une meilleure id\u00e9e du tissu et des possibilit\u00e9s qu&rsquo;il offre.<\/p>\n<p>En tant que grossiste en tissus, nous vous vendons non seulement le tissu mais aussi, sur demande, un mod\u00e8le \u00e0 exposer servant de soutien \u00e0 la vente.<\/p>\n<h3>Chaque mod\u00e8le est une r\u00e9alisation individuelle unique<\/h3>\n<p>Vous choisissez le tissu et le mod\u00e8le. Chaque mod\u00e8le est confectionn\u00e9 individuellement pour votre commerce de tissus. Vous avez le choix entre cinq mod\u00e8les \u00e0 exposer diff\u00e9rents qui sont r\u00e9alis\u00e9s selon des patrons Burda Style.<\/p>\n<ol>\n<li>Robe en tissu extensible <a href=\"https:\/\/www.burdastyle.de\/produkt\/katalog-schnitt\/shirtkleid-h-w-2016-6608b_6608B-DL\">(burdastyle 6608 B)<\/a><\/li>\n<li>Blouse en mati\u00e8re tiss\u00e9e <a href=\"https:\/\/www.burdastyle.de\/produkt\/katalog-schnitt\/bluse-h-w-2017-6458a_6458A-DL\">(burdastyle 6458A)<\/a><\/li>\n<li>Blouse en tissu tiss\u00e9 <a href=\"https:\/\/www.burdastyle.de\/produkt\/katalog-schnitt\/oberteil-f-s-2020-6204a_6204A-DL\">(burdastyle 6204B)<\/a><\/li>\n<li>Robe pour enfant en tissu extensible <a href=\"https:\/\/www.burdastyle.de\/produkt\/katalog-schnitt\/kleid-f-s-2018-9341b_9341B-DL\">(burdastyle 6341B)<\/a><\/li>\n<li>Top pour enfant en tissu extensible <a href=\"https:\/\/www.burdastyle.de\/produkt\/katalog-schnitt\/shirt-f-s-2019-9322c_9322C-DL\">(burdastyle 9322C)<\/a><\/li>\n<\/ol>\n<\/div><\/div><div class=\"w-separator size_medium\"><\/div><div class=\"wpb_text_column\"><div class=\"wpb_wrapper\"><h4>Vos avantages en un coup d\u2019\u0153il<\/h4>\n<ul>\n<li>\u00c9conomie de mise en \u0153uvre suppl\u00e9mentaire de tissu<\/li>\n<li>Mod\u00e8le pr\u00eat \u00e0 exposer, sans co\u00fbt suppl\u00e9mentaire (par rapport \u00e0 la r\u00e9alisation propre)<\/li>\n<li>Vous donnez des id\u00e9es \u00e0 vos clients et vendez encore plus facilement les tissus d&rsquo;Hemmers Itex<\/li>\n<\/ul>\n<\/div><\/div><\/div><\/div><\/div><div class=\"vc_col-sm-4 wpb_column vc_column_container\"><div class=\"vc_column-inner\"><div class=\"wpb_wrapper\"><div class=\"w-slider style_none fit_scaledown nav_none\"><div class=\"w-slider-h\"><div class=\"royalSlider\"><div class=\"rsContent\"><a class=\"rsImg\" data-rsw=\"2560\" data-rsh=\"1707\" href=\"https:\/\/www.textilhemmers.de\/wp-content\/uploads\/2020\/08\/shutterstock_1139047787-scaled.jpg\"><span data-alt=\"\"><\/span><\/a><\/div><div class=\"rsContent\"><a class=\"rsImg\" data-rsw=\"2560\" data-rsh=\"1707\" href=\"https:\/\/www.textilhemmers.de\/wp-content\/uploads\/2020\/08\/shutterstock_1135313117-scaled.jpg\"><span data-alt=\"\"><\/span><\/a><\/div><div class=\"rsContent\"><a class=\"rsImg\" data-rsw=\"2560\" data-rsh=\"1704\" href=\"https:\/\/www.textilhemmers.de\/wp-content\/uploads\/2020\/08\/shutterstock_1139047823-scaled.jpg\"><span data-alt=\"\"><\/span><\/a><\/div><\/div><img decoding=\"async\" src=\"https:\/\/www.textilhemmers.de\/wp-content\/uploads\/2020\/08\/shutterstock_1139047787-scaled.jpg\" width=\"2560\" height=\"1707\" alt loading=\"lazy\"><\/div><div class=\"w-slider-json\" onclick='return {&quot;autoScaleSlider&quot;:true,&quot;addActiveClass&quot;:true,&quot;loop&quot;:true,&quot;fadeInLoadedSlide&quot;:false,&quot;slidesSpacing&quot;:0,&quot;imageScalePadding&quot;:0,&quot;numImagesToPreload&quot;:2,&quot;arrowsNav&quot;:true,&quot;arrowsNavAutoHide&quot;:false,&quot;transitionType&quot;:&quot;move&quot;,&quot;transitionSpeed&quot;:250,&quot;block&quot;:{&quot;moveEffect&quot;:&quot;none&quot;,&quot;speed&quot;:300},&quot;thumbs&quot;:{&quot;fitInViewport&quot;:false,&quot;firstMargin&quot;:false,&quot;spacing&quot;:4},&quot;controlNavigation&quot;:&quot;none&quot;,&quot;autoplay&quot;:{&quot;enabled&quot;:true,&quot;pauseOnHover&quot;:true,&quot;delay&quot;:3000},&quot;autoScaleSliderWidth&quot;:2560,&quot;autoScaleSliderHeight&quot;:1707}'><\/div><\/div><div class=\"w-separator size_medium\"><\/div>[vc_custom_heading text=\u00a0\u00bbCinq mod\u00e8les Burda Style au choix\u00a0\u00bb font_container=\u00a0\u00bbtag:h4|text_align:left\u00a0\u00bb use_theme_fonts=\u00a0\u00bbyes\u00a0\u00bb]<div class=\"w-image align_none\"><div class=\"w-image-h\"><img decoding=\"async\" width=\"787\" height=\"291\" src=\"https:\/\/www.textilhemmers.de\/wp-content\/uploads\/2020\/08\/Burdastyle2.png\" class=\"attachment-large size-large\" alt=\"\" loading=\"lazy\" srcset=\"https:\/\/www.textilhemmers.de\/wp-content\/uploads\/2020\/08\/Burdastyle2.png 787w, https:\/\/www.textilhemmers.de\/wp-content\/uploads\/2020\/08\/Burdastyle2-368x136.png 368w, https:\/\/www.textilhemmers.de\/wp-content\/uploads\/2020\/08\/Burdastyle2-105x39.png 105w\" sizes=\"auto, (max-width: 787px) 100vw, 787px\" \/><\/div><\/div><div class=\"w-image align_none\"><div class=\"w-image-h\"><img decoding=\"async\" width=\"785\" height=\"291\" src=\"https:\/\/www.textilhemmers.de\/wp-content\/uploads\/2020\/08\/Burdastyle1.png\" class=\"attachment-large size-large\" alt=\"\" loading=\"lazy\" srcset=\"https:\/\/www.textilhemmers.de\/wp-content\/uploads\/2020\/08\/Burdastyle1.png 785w, https:\/\/www.textilhemmers.de\/wp-content\/uploads\/2020\/08\/Burdastyle1-368x136.png 368w, https:\/\/www.textilhemmers.de\/wp-content\/uploads\/2020\/08\/Burdastyle1-105x39.png 105w\" sizes=\"auto, (max-width: 785px) 100vw, 785px\" \/><\/div><\/div><div class=\"w-separator size_medium\"><\/div><div class=\"wpb_text_column\"><div class=\"wpb_wrapper\"><h5>Que devez-vous faire ?<\/h5>\n<p><a href=\"https:\/\/www.textilhemmers.de\/wp-content\/uploads\/2022\/01\/Modelle-zur-Verkaufsunterstuetzung_FR_onlineNEU.pdf\">Ouvrez le formulaire de commande<\/a>, Ouvrez le formulaire de commande, remplissez-le et envoyez-le nous automatiquement par e-mail d&rsquo;un seul clic (Marketing[@] textilhemmers.de)<\/p>\n<p>(Marketing[@]textilhemmers.de)<\/p>\n<\/div><\/div><\/div><\/div><\/div><\/div><\/div><\/section>\n","protected":false},"excerpt":{"rendered":"Commandez d\u00e8s maintenant votre mod\u00e8le individuel \u00e0 exposerInspirez vos clients avec des mod\u00e8les confectionn\u00e9s dans des tissus command\u00e9s aupr\u00e8s d'Hemmers Itex. Ouvrir le formulaire de commandeVendre des tissus d&rsquo;Hemmers Itex Montrez \u00e0 vos clients des mod\u00e8les confectionn\u00e9s dans des tissus d&rsquo;Hemmers Itex Nos clients confirment qu\u2019ils vendent encore mieux les tissus lorsqu&rsquo;ils pr\u00e9sentent un mod\u00e8le...","protected":false},"author":2,"featured_media":0,"parent":0,"menu_order":0,"comment_status":"closed","ping_status":"closed","template":"","meta":{"_acf_changed":false,"footnotes":""},"class_list":["post-10818","page","type-page","status-publish","hentry"],"acf":[],"yoast_head":"<!-- This site is optimized with the Yoast SEO plugin v23.1 - https:\/\/yoast.com\/wordpress\/plugins\/seo\/ -->\n<title>Mod\u00e8les confectionn\u00e9s - Hemmers Itex<\/title>\n<meta name=\"robots\" content=\"index, follow, max-snippet:-1, max-image-preview:large, max-video-preview:-1\" \/>\n<link rel=\"canonical\" href=\"https:\/\/www.textilhemmers.de\/fr\/modeles-confectionnes\/\" \/>\n<meta property=\"og:locale\" content=\"fr_FR\" \/>\n<meta property=\"og:type\" content=\"article\" \/>\n<meta property=\"og:title\" content=\"Mod\u00e8les confectionn\u00e9s - Hemmers Itex\" \/>\n<meta property=\"og:url\" content=\"https:\/\/www.textilhemmers.de\/fr\/modeles-confectionnes\/\" \/>\n<meta property=\"og:site_name\" content=\"Hemmers Itex\" \/>\n<meta property=\"article:publisher\" content=\"https:\/\/www.facebook.com\/hemmersitex\" \/>\n<meta property=\"article:modified_time\" content=\"2022-01-31T15:11:23+00:00\" \/>\n<meta name=\"twitter:card\" content=\"summary_large_image\" \/>\n<meta name=\"twitter:label1\" content=\"Dur\u00e9e de lecture estim\u00e9e\" \/>\n\t<meta name=\"twitter:data1\" content=\"2 minutes\" \/>\n<script type=\"application\/ld+json\" class=\"yoast-schema-graph\">{\"@context\":\"https:\/\/schema.org\",\"@graph\":[{\"@type\":\"WebPage\",\"@id\":\"https:\/\/www.textilhemmers.de\/fr\/modeles-confectionnes\/\",\"url\":\"https:\/\/www.textilhemmers.de\/fr\/modeles-confectionnes\/\",\"name\":\"Mod\u00e8les confectionn\u00e9s - Hemmers Itex\",\"isPartOf\":{\"@id\":\"https:\/\/www.textilhemmers.de\/#website\"},\"datePublished\":\"2020-12-15T14:08:10+00:00\",\"dateModified\":\"2022-01-31T15:11:23+00:00\",\"breadcrumb\":{\"@id\":\"https:\/\/www.textilhemmers.de\/fr\/modeles-confectionnes\/#breadcrumb\"},\"inLanguage\":\"fr-FR\",\"potentialAction\":[{\"@type\":\"ReadAction\",\"target\":[\"https:\/\/www.textilhemmers.de\/fr\/modeles-confectionnes\/\"]}]},{\"@type\":\"BreadcrumbList\",\"@id\":\"https:\/\/www.textilhemmers.de\/fr\/modeles-confectionnes\/#breadcrumb\",\"itemListElement\":[{\"@type\":\"ListItem\",\"position\":1,\"name\":\"Startseite\",\"item\":\"https:\/\/www.textilhemmers.de\/fr\/\"},{\"@type\":\"ListItem\",\"position\":2,\"name\":\"Mod\u00e8les confectionn\u00e9s\"}]},{\"@type\":\"WebSite\",\"@id\":\"https:\/\/www.textilhemmers.de\/#website\",\"url\":\"https:\/\/www.textilhemmers.de\/\",\"name\":\"Hemmers Itex\",\"description\":\"Gro\u00dfhandelsunternehmen f\u00fcr Textilien\",\"publisher\":{\"@id\":\"https:\/\/www.textilhemmers.de\/#organization\"},\"potentialAction\":[{\"@type\":\"SearchAction\",\"target\":{\"@type\":\"EntryPoint\",\"urlTemplate\":\"https:\/\/www.textilhemmers.de\/?s={search_term_string}\"},\"query-input\":\"required name=search_term_string\"}],\"inLanguage\":\"fr-FR\"},{\"@type\":\"Organization\",\"@id\":\"https:\/\/www.textilhemmers.de\/#organization\",\"name\":\"Hemmers Itex\",\"url\":\"https:\/\/www.textilhemmers.de\/\",\"logo\":{\"@type\":\"ImageObject\",\"inLanguage\":\"fr-FR\",\"@id\":\"https:\/\/www.textilhemmers.de\/#\/schema\/logo\/image\/\",\"url\":\"https:\/\/www.textilhemmers.de\/wp-content\/uploads\/2017\/07\/logo_hemmers.png\",\"contentUrl\":\"https:\/\/www.textilhemmers.de\/wp-content\/uploads\/2017\/07\/logo_hemmers.png\",\"width\":1502,\"height\":300,\"caption\":\"Hemmers Itex\"},\"image\":{\"@id\":\"https:\/\/www.textilhemmers.de\/#\/schema\/logo\/image\/\"},\"sameAs\":[\"https:\/\/www.facebook.com\/hemmersitex\",\"https:\/\/www.instagram.com\/hemmersitex\/\",\"https:\/\/www.youtube.com\/channel\/UCw_7OAUy08ZYHhCRL7s3SjQ\"]}]}<\/script>\n<!-- \/ Yoast SEO plugin. -->","yoast_head_json":{"title":"Mod\u00e8les confectionn\u00e9s - Hemmers Itex","robots":{"index":"index","follow":"follow","max-snippet":"max-snippet:-1","max-image-preview":"max-image-preview:large","max-video-preview":"max-video-preview:-1"},"canonical":"https:\/\/www.textilhemmers.de\/fr\/modeles-confectionnes\/","og_locale":"fr_FR","og_type":"article","og_title":"Mod\u00e8les confectionn\u00e9s - Hemmers Itex","og_url":"https:\/\/www.textilhemmers.de\/fr\/modeles-confectionnes\/","og_site_name":"Hemmers Itex","article_publisher":"https:\/\/www.facebook.com\/hemmersitex","article_modified_time":"2022-01-31T15:11:23+00:00","twitter_card":"summary_large_image","twitter_misc":{"Dur\u00e9e de lecture estim\u00e9e":"2 minutes"},"schema":{"@context":"https:\/\/schema.org","@graph":[{"@type":"WebPage","@id":"https:\/\/www.textilhemmers.de\/fr\/modeles-confectionnes\/","url":"https:\/\/www.textilhemmers.de\/fr\/modeles-confectionnes\/","name":"Mod\u00e8les confectionn\u00e9s - Hemmers Itex","isPartOf":{"@id":"https:\/\/www.textilhemmers.de\/#website"},"datePublished":"2020-12-15T14:08:10+00:00","dateModified":"2022-01-31T15:11:23+00:00","breadcrumb":{"@id":"https:\/\/www.textilhemmers.de\/fr\/modeles-confectionnes\/#breadcrumb"},"inLanguage":"fr-FR","potentialAction":[{"@type":"ReadAction","target":["https:\/\/www.textilhemmers.de\/fr\/modeles-confectionnes\/"]}]},{"@type":"BreadcrumbList","@id":"https:\/\/www.textilhemmers.de\/fr\/modeles-confectionnes\/#breadcrumb","itemListElement":[{"@type":"ListItem","position":1,"name":"Startseite","item":"https:\/\/www.textilhemmers.de\/fr\/"},{"@type":"ListItem","position":2,"name":"Mod\u00e8les confectionn\u00e9s"}]},{"@type":"WebSite","@id":"https:\/\/www.textilhemmers.de\/#website","url":"https:\/\/www.textilhemmers.de\/","name":"Hemmers Itex","description":"Gro\u00dfhandelsunternehmen f\u00fcr Textilien","publisher":{"@id":"https:\/\/www.textilhemmers.de\/#organization"},"potentialAction":[{"@type":"SearchAction","target":{"@type":"EntryPoint","urlTemplate":"https:\/\/www.textilhemmers.de\/?s={search_term_string}"},"query-input":"required name=search_term_string"}],"inLanguage":"fr-FR"},{"@type":"Organization","@id":"https:\/\/www.textilhemmers.de\/#organization","name":"Hemmers Itex","url":"https:\/\/www.textilhemmers.de\/","logo":{"@type":"ImageObject","inLanguage":"fr-FR","@id":"https:\/\/www.textilhemmers.de\/#\/schema\/logo\/image\/","url":"https:\/\/www.textilhemmers.de\/wp-content\/uploads\/2017\/07\/logo_hemmers.png","contentUrl":"https:\/\/www.textilhemmers.de\/wp-content\/uploads\/2017\/07\/logo_hemmers.png","width":1502,"height":300,"caption":"Hemmers Itex"},"image":{"@id":"https:\/\/www.textilhemmers.de\/#\/schema\/logo\/image\/"},"sameAs":["https:\/\/www.facebook.com\/hemmersitex","https:\/\/www.instagram.com\/hemmersitex\/","https:\/\/www.youtube.com\/channel\/UCw_7OAUy08ZYHhCRL7s3SjQ"]}]}},"jetpack_sharing_enabled":true,"_links":{"self":[{"href":"https:\/\/www.textilhemmers.de\/fr\/wp-json\/wp\/v2\/pages\/10818","targetHints":{"allow":["GET"]}}],"collection":[{"href":"https:\/\/www.textilhemmers.de\/fr\/wp-json\/wp\/v2\/pages"}],"about":[{"href":"https:\/\/www.textilhemmers.de\/fr\/wp-json\/wp\/v2\/types\/page"}],"author":[{"embeddable":true,"href":"https:\/\/www.textilhemmers.de\/fr\/wp-json\/wp\/v2\/users\/2"}],"replies":[{"embeddable":true,"href":"https:\/\/www.textilhemmers.de\/fr\/wp-json\/wp\/v2\/comments?post=10818"}],"version-history":[{"count":3,"href":"https:\/\/www.textilhemmers.de\/fr\/wp-json\/wp\/v2\/pages\/10818\/revisions"}],"predecessor-version":[{"id":15247,"href":"https:\/\/www.textilhemmers.de\/fr\/wp-json\/wp\/v2\/pages\/10818\/revisions\/15247"}],"wp:attachment":[{"href":"https:\/\/www.textilhemmers.de\/fr\/wp-json\/wp\/v2\/media?parent=10818"}],"curies":[{"name":"wp","href":"https:\/\/api.w.org\/{rel}","templated":true}]}}